{"id":3979,"date":"2024-10-25T10:27:55","date_gmt":"2024-10-25T10:27:55","guid":{"rendered":"https:\/\/www.junsei.it\/?page_id=3979"},"modified":"2025-07-24T08:40:24","modified_gmt":"2025-07-24T08:40:24","slug":"concept","status":"publish","type":"page","link":"https:\/\/www.junsei.it\/en\/concept\/","title":{"rendered":"Concept"},"content":{"rendered":"<section class=\"l-section wpb_row us_custom_f071917a hide_on_tablets hide_on_mobiles height_auto full_height valign_center\" id=\"concept_laNostraFilosofiaDesktop\"><div class=\"l-section-h i-cf\"><div class=\"g-cols vc_row via_grid cols_3-2 laptops-cols_inherit tablets-cols_inherit mobiles-cols_1 valign_middle type_default stacking_default\" style=\"--columns-gap:0rem;\"><div class=\"wpb_column vc_column_container us_custom_b5f01973 us_animate_this has_bg_color\"><div class=\"vc_column-inner\"><div class=\"wpb_text_column us_custom_866bf958 has_text_color\"><div class=\"wpb_wrapper\"><h2>Our philosophy<\/h2>\n<\/div><\/div><div class=\"w-separator size_custom\" style=\"height:2rem\"><\/div><div class=\"wpb_text_column us_custom_e65bdb2d has_text_color\"><div class=\"wpb_wrapper\"><p class=\"fontSteradianExtraLight\">Junsei in Japanese means pure and genuine, two values that characterise our <strong class=\"fontSteradianBoldItalic\">sushi restaurant<\/strong>. Abbiamo voluto portare l&#8217;autenticit\u00e0 della <strong class=\"fontSteradianBoldItalic\">Japanese cuisine<\/strong> in a cosy and refined atmosphere. From the most classic sushi to the most innovative dishes, our menu will surprise you with an explosion of flavours.<\/p>\n<p class=\"fontSteradianExtraLight\">Quella che potete vivere da Junsei \u00e8 un\u2019esperienza gastronomica autentica che, secondo le migliori tradizioni della <strong class=\"fontSteradianBoldItalic\">Japanese cuisine<\/strong>, \u00e8 legata all\u2019accurata scelta di alimenti freschissimi, alla sapiente lavorazione delle materie prime e alla ricerca di delicati equilibri, senza dimenticare un servizio informale ma impeccabile. Non solo sushi nel nostro men\u00f9, ma anche noodles, gyoza, piatti caldi di carne e pesce e strepitosi dessert.<\/p>\n<\/div><\/div><\/div><\/div><div class=\"wpb_column vc_column_container\"><div class=\"vc_column-inner\"><\/div><\/div><\/div><\/div><\/section><section class=\"l-section wpb_row us_custom_b97259ca hide_on_default hide_on_laptops height_auto\" id=\"concept_laNostraFilosofiaMobile\"><div class=\"l-section-h i-cf\"><div class=\"g-cols vc_row via_grid cols_1 laptops-cols_inherit tablets-cols_inherit mobiles-cols_1 valign_top type_default stacking_default\"><div class=\"wpb_column vc_column_container us_custom_12829b65 us_animate_this\"><div class=\"vc_column-inner\"><div class=\"wpb_text_column us_custom_22fa3828 has_text_color\"><div class=\"wpb_wrapper\"><h2>Our philosophy<\/h2>\n<\/div><\/div><div class=\"w-separator size_custom\" style=\"height:2rem\"><\/div><div class=\"wpb_text_column us_custom_7cdefe69 has_text_color us_animate_this\"><div class=\"wpb_wrapper\"><p>Junsei in Japanese means pure and genuine, two values that characterise our <strong class=\"fontSteradianBoldItalic\">sushi restaurant<\/strong>. Abbiamo voluto portare l&#8217;autenticit\u00e0 della <strong class=\"fontSteradianBoldItalic\">Japanese cuisine<\/strong> in a cosy and refined atmosphere. From the most classic sushi to the most innovative dishes, our menu will surprise you with an explosion of flavours.<\/p>\n<p>Quella che potete vivere da Junsei \u00e8 un\u2019esperienza gastronomica autentica che, secondo le migliori tradizioni della <strong class=\"fontSteradianBoldItalic\">Japanese cuisine<\/strong>, \u00e8 legata all\u2019accurata scelta di alimenti freschissimi, alla sapiente lavorazione delle materie prime e alla ricerca di delicati equilibri, senza dimenticare un servizio informale ma impeccabile. Non solo sushi nel nostro men\u00f9, ma anche noodles, gyoza, piatti caldi di carne e pesce e strepitosi dessert.<\/p>\n<\/div><\/div><\/div><\/div><\/div><\/div><\/section><section class=\"l-section wpb_row us_custom_13314f9a hide_on_default hide_on_laptops height_auto width_full\" id=\"home_laNostraFilosofiaPhotoMobile\"><div class=\"l-section-h i-cf\"><div class=\"g-cols vc_row via_grid cols_1 laptops-cols_inherit tablets-cols_inherit mobiles-cols_1 valign_top type_default stacking_default\"><div class=\"wpb_column vc_column_container\"><div class=\"vc_column-inner\"><\/div><\/div><\/div><\/div><\/section><section class=\"l-section wpb_row hide_on_tablets hide_on_mobiles height_auto full_height valign_center width_full with_video\" id=\"concept_loChefDesktop\"><div id=\"us_bg_video_h714\" class=\"l-section-video\"><script id=\"us_bg_video_h714-script\">!function(w){var node = document.getElementById( 'us_bg_video_h714' );if ( w.innerWidth <= 600 ) { node.remove() }}(window);<\/script><style>@media(max-width:600px){#us_bg_video_h714{display:none!important}}<\/style><video  autoplay loop muted playsinline preload=\"auto\"><source type=\"video\/mp4\" src=\"https:\/\/www.junsei.it\/wp-content\/uploads\/2024\/10\/gyozaDesktop.mp4\" \/><\/video><\/div><div class=\"l-section-h i-cf\"><div class=\"g-cols vc_row via_grid cols_2-1 laptops-cols_inherit tablets-cols_inherit mobiles-cols_1 valign_bottom type_default stacking_default\"><div class=\"wpb_column vc_column_container us_custom_60e9caca us_animate_this\"><div class=\"vc_column-inner\"><\/div><\/div><div class=\"wpb_column vc_column_container\"><div class=\"vc_column-inner\"><div class=\"w-vwrapper us_custom_238f14ff us_animate_this align_none valign_top\" style=\"--vwrapper-gap:0rem\"><div class=\"wpb_text_column us_custom_54147587\"><div class=\"wpb_wrapper\"><h2><span var=\"\" --color-content-secondary=\"\">The chef behind our creations<\/span><\/h2>\n<\/div><\/div><div class=\"w-separator size_custom\" style=\"height:2rem\"><\/div><div class=\"wpb_text_column us_custom_99f02474 us_animate_this\"><div class=\"wpb_wrapper\"><p>Tempa, il nostro sushi chef, \u00e8 un vero esperto dei gyoza. Con la sua creativit\u00e0, trasforma ogni raviolo in un&#8217;esperienza unica. Che preferiate il pesce pregiato come il Black Cod o la carne succulenta del Wagyu, ogni gyoza \u00e8 un viaggio culinario attraverso i sapori autentici del Giappone. Da Junsei Sushi utilizziamo solo ingredienti di altissima qualit\u00e0 per garantire un&#8217;esperienza di gusto indimenticabile.<\/p>\n<\/div><\/div><\/div><\/div><\/div><\/div><\/div><\/section><section class=\"l-section wpb_row us_custom_606dc9ae hide_on_default hide_on_laptops height_auto\" id=\"concept_loChefMobile\"><div class=\"l-section-h i-cf\"><div class=\"g-cols vc_row via_grid cols_1 laptops-cols_inherit tablets-cols_inherit mobiles-cols_1 valign_top type_default stacking_default\"><div class=\"wpb_column vc_column_container\"><div class=\"vc_column-inner\"><div class=\"wpb_text_column\"><div class=\"wpb_wrapper\"><h2><span var=\"\" --color-content-secondary=\"\">The chef behind<br \/>\nour creations<\/span><\/h2>\n<\/div><\/div><div class=\"w-separator size_custom\" style=\"height:2rem\"><\/div><div class=\"wpb_text_column us_custom_99f02474 us_animate_this\"><div class=\"wpb_wrapper\"><p>Tempa, il nostro sushi chef, \u00e8 un vero esperto dei gyoza. Con la sua creativit\u00e0, trasforma ogni raviolo in un&#8217;esperienza unica. Che preferiate il pesce pregiato come il Black Cod o la carne succulenta del Wagyu, ogni gyoza \u00e8 un viaggio culinario attraverso i sapori autentici del Giappone. Da Junsei Sushi utilizziamo solo ingredienti di altissima qualit\u00e0 per garantire un&#8217;esperienza di gusto indimenticabile.<\/p>\n<\/div><\/div><\/div><\/div><\/div><\/div><\/section><section class=\"l-section wpb_row us_custom_0f15877f hide_on_default hide_on_laptops height_auto width_full with_video\" id=\"concept_loChefVideoMobile\"><div id=\"us_bg_video_c985\" class=\"l-section-video\"><script id=\"us_bg_video_c985-script\">!function(w){var node = document.getElementById( 'us_bg_video_c985' );if ( w.innerWidth <= 1 ) { node.remove() }}(window);<\/script><style>@media(max-width:1px){#us_bg_video_c985{display:none!important}}<\/style><video  autoplay loop muted playsinline preload=\"auto\"><source type=\"video\/mp4\" src=\"https:\/\/www.junsei.it\/wp-content\/uploads\/2024\/10\/gyozaDesktop.mp4\" \/><\/video><\/div><div class=\"l-section-h i-cf\"><div class=\"g-cols vc_row via_grid cols_1 laptops-cols_inherit tablets-cols_inherit mobiles-cols_1 valign_top type_default stacking_default\"><div class=\"wpb_column vc_column_container\"><div class=\"vc_column-inner\"><\/div><\/div><\/div><\/div><\/section><section class=\"l-section wpb_row us_custom_6e4a52cc height_auto\" id=\"concept_menu\"><div class=\"l-section-overlay\" style=\"background:rgba(0,0,0,0.7)\"><\/div><div class=\"l-section-h i-cf\"><div class=\"g-cols vc_row via_grid cols_1 laptops-cols_inherit tablets-cols_inherit mobiles-cols_1 valign_middle type_default stacking_default\"><div class=\"wpb_column vc_column_container us_custom_0f15877f\"><div class=\"vc_column-inner\"><div class=\"wpb_text_column us_custom_946fbab3 has_text_color us_animate_this\"><div class=\"wpb_wrapper\"><p><a class=\"textLight\" href=\"https:\/\/www.leggimenu.it\/menu\/junsei\" target=\"_blank\" rel=\"noopener\">Discover our menu<\/a><\/p>\n<\/div><\/div><div class=\"w-image us_custom_45df6ab4 junseiLogoShortDesktop us_animate_this hide_on_tablets hide_on_mobiles align_center\"><div class=\"w-image-h\"><img decoding=\"async\" width=\"150\" height=\"150\" src=\"https:\/\/www.junsei.it\/wp-content\/uploads\/2024\/10\/junsei_logo-short.svg\" class=\"attachment-us_150_150 size-us_150_150\" alt=\"Junsei Logo\" loading=\"lazy\" \/><\/div><\/div><div class=\"w-separator hide_on_default hide_on_laptops size_custom\" style=\"height:2rem\"><\/div><div class=\"w-image hide_on_default hide_on_laptops align_center\"><div class=\"w-image-h\"><img decoding=\"async\" width=\"100\" height=\"100\" src=\"https:\/\/www.junsei.it\/wp-content\/uploads\/2024\/10\/junsei_logo-short.svg\" class=\"attachment-us_100_100 size-us_100_100\" alt=\"Junsei Logo\" loading=\"lazy\" \/><\/div><\/div><\/div><\/div><\/div><\/div><\/section>","protected":false},"excerpt":{"rendered":"La nostra filosofia Junsei in giapponese vuol dire puro e genuino, due valori che contraddistinguono il nostro ristorante di sushi. Abbiamo voluto portare l&#8217;autenticit\u00e0 della cucina giapponese in un&#8217;atmosfera accogliente e raffinata. Dal sushi pi\u00f9 classico ai piatti pi\u00f9 innovativi, il nostro men\u00f9 ti sorprender\u00e0 con un&#8217;esplosione di sapori. Quella che potete vivere da Junsei...","protected":false},"author":1,"featured_media":0,"parent":0,"menu_order":0,"comment_status":"closed","ping_status":"closed","template":"","meta":{"_acf_changed":false,"inline_featured_image":false,"footnotes":""},"class_list":["post-3979","page","type-page","status-publish","hentry"],"acf":[],"yoast_head":"<!-- This site is optimized with the Yoast SEO plugin v26.3 - https:\/\/yoast.com\/wordpress\/plugins\/seo\/ -->\n<title>Il nostro Concept - Junsei Sushi<\/title>\n<meta name=\"description\" content=\"Junsei in giapponese vuol dire puro e genuino, due valori che contraddistinguono il nostro ristorante di sushi. E&#039; questo il nostro concept!\" \/>\n<meta name=\"robots\" content=\"index, follow, max-snippet:-1, max-image-preview:large, max-video-preview:-1\" \/>\n<link rel=\"canonical\" href=\"https:\/\/www.junsei.it\/en\/concept\/\" \/>\n<meta property=\"og:locale\" content=\"en_GB\" \/>\n<meta property=\"og:type\" content=\"article\" \/>\n<meta property=\"og:title\" content=\"Il nostro Concept - Junsei Sushi\" \/>\n<meta property=\"og:description\" content=\"Junsei in giapponese vuol dire puro e genuino, due valori che contraddistinguono il nostro ristorante di sushi. E&#039; questo il nostro concept!\" \/>\n<meta property=\"og:url\" content=\"https:\/\/www.junsei.it\/en\/concept\/\" \/>\n<meta property=\"og:site_name\" content=\"Junsei Sushi\" \/>\n<meta property=\"article:publisher\" content=\"https:\/\/www.facebook.com\/JunseiSushiRoma\" \/>\n<meta property=\"article:modified_time\" content=\"2025-07-24T08:40:24+00:00\" \/>\n<meta name=\"twitter:card\" content=\"summary_large_image\" \/>\n<meta name=\"twitter:label1\" content=\"Estimated reading time\" \/>\n\t<meta name=\"twitter:data1\" content=\"3 minutes\" \/>\n<script type=\"application\/ld+json\" class=\"yoast-schema-graph\">{\"@context\":\"https:\/\/schema.org\",\"@graph\":[{\"@type\":\"WebPage\",\"@id\":\"https:\/\/www.junsei.it\/concept\/\",\"url\":\"https:\/\/www.junsei.it\/concept\/\",\"name\":\"Il nostro Concept - Junsei Sushi\",\"isPartOf\":{\"@id\":\"https:\/\/www.junsei.it\/#website\"},\"datePublished\":\"2024-10-25T10:27:55+00:00\",\"dateModified\":\"2025-07-24T08:40:24+00:00\",\"description\":\"Junsei in giapponese vuol dire puro e genuino, due valori che contraddistinguono il nostro ristorante di sushi. E' questo il nostro concept!\",\"breadcrumb\":{\"@id\":\"https:\/\/www.junsei.it\/concept\/#breadcrumb\"},\"inLanguage\":\"en-GB\",\"potentialAction\":[{\"@type\":\"ReadAction\",\"target\":[\"https:\/\/www.junsei.it\/concept\/\"]}]},{\"@type\":\"BreadcrumbList\",\"@id\":\"https:\/\/www.junsei.it\/concept\/#breadcrumb\",\"itemListElement\":[{\"@type\":\"ListItem\",\"position\":1,\"name\":\"Home\",\"item\":\"https:\/\/www.junsei.it\/\"},{\"@type\":\"ListItem\",\"position\":2,\"name\":\"Concept\"}]},{\"@type\":\"WebSite\",\"@id\":\"https:\/\/www.junsei.it\/#website\",\"url\":\"https:\/\/www.junsei.it\/\",\"name\":\"Junsei Sushi\",\"description\":\"\",\"publisher\":{\"@id\":\"https:\/\/www.junsei.it\/#organization\"},\"potentialAction\":[{\"@type\":\"SearchAction\",\"target\":{\"@type\":\"EntryPoint\",\"urlTemplate\":\"https:\/\/www.junsei.it\/?s={search_term_string}\"},\"query-input\":{\"@type\":\"PropertyValueSpecification\",\"valueRequired\":true,\"valueName\":\"search_term_string\"}}],\"inLanguage\":\"en-GB\"},{\"@type\":\"Organization\",\"@id\":\"https:\/\/www.junsei.it\/#organization\",\"name\":\"Junsei Sushi\",\"url\":\"https:\/\/www.junsei.it\/\",\"logo\":{\"@type\":\"ImageObject\",\"inLanguage\":\"en-GB\",\"@id\":\"https:\/\/www.junsei.it\/#\/schema\/logo\/image\/\",\"url\":\"https:\/\/www.junsei.it\/wp-content\/uploads\/2025\/01\/junsei-sughi_logo-long-black.png\",\"contentUrl\":\"https:\/\/www.junsei.it\/wp-content\/uploads\/2025\/01\/junsei-sughi_logo-long-black.png\",\"width\":328,\"height\":154,\"caption\":\"Junsei Sushi\"},\"image\":{\"@id\":\"https:\/\/www.junsei.it\/#\/schema\/logo\/image\/\"},\"sameAs\":[\"https:\/\/www.facebook.com\/JunseiSushiRoma\",\"https:\/\/www.instagram.com\/junseisushi\/?hl=it\"]}]}<\/script>\n<!-- \/ Yoast SEO plugin. -->","yoast_head_json":{"title":"Il nostro Concept - Junsei Sushi","description":"Junsei in giapponese vuol dire puro e genuino, due valori che contraddistinguono il nostro ristorante di sushi. E' questo il nostro concept!","robots":{"index":"index","follow":"follow","max-snippet":"max-snippet:-1","max-image-preview":"max-image-preview:large","max-video-preview":"max-video-preview:-1"},"canonical":"https:\/\/www.junsei.it\/en\/concept\/","og_locale":"en_GB","og_type":"article","og_title":"Il nostro Concept - Junsei Sushi","og_description":"Junsei in giapponese vuol dire puro e genuino, due valori che contraddistinguono il nostro ristorante di sushi. E' questo il nostro concept!","og_url":"https:\/\/www.junsei.it\/en\/concept\/","og_site_name":"Junsei Sushi","article_publisher":"https:\/\/www.facebook.com\/JunseiSushiRoma","article_modified_time":"2025-07-24T08:40:24+00:00","twitter_card":"summary_large_image","twitter_misc":{"Estimated reading time":"3 minutes"},"schema":{"@context":"https:\/\/schema.org","@graph":[{"@type":"WebPage","@id":"https:\/\/www.junsei.it\/concept\/","url":"https:\/\/www.junsei.it\/concept\/","name":"Il nostro Concept - Junsei Sushi","isPartOf":{"@id":"https:\/\/www.junsei.it\/#website"},"datePublished":"2024-10-25T10:27:55+00:00","dateModified":"2025-07-24T08:40:24+00:00","description":"Junsei in giapponese vuol dire puro e genuino, due valori che contraddistinguono il nostro ristorante di sushi. E' questo il nostro concept!","breadcrumb":{"@id":"https:\/\/www.junsei.it\/concept\/#breadcrumb"},"inLanguage":"en-GB","potentialAction":[{"@type":"ReadAction","target":["https:\/\/www.junsei.it\/concept\/"]}]},{"@type":"BreadcrumbList","@id":"https:\/\/www.junsei.it\/concept\/#breadcrumb","itemListElement":[{"@type":"ListItem","position":1,"name":"Home","item":"https:\/\/www.junsei.it\/"},{"@type":"ListItem","position":2,"name":"Concept"}]},{"@type":"WebSite","@id":"https:\/\/www.junsei.it\/#website","url":"https:\/\/www.junsei.it\/","name":"Junsei Sushi","description":"","publisher":{"@id":"https:\/\/www.junsei.it\/#organization"},"potentialAction":[{"@type":"SearchAction","target":{"@type":"EntryPoint","urlTemplate":"https:\/\/www.junsei.it\/?s={search_term_string}"},"query-input":{"@type":"PropertyValueSpecification","valueRequired":true,"valueName":"search_term_string"}}],"inLanguage":"en-GB"},{"@type":"Organization","@id":"https:\/\/www.junsei.it\/#organization","name":"Junsei Sushi","url":"https:\/\/www.junsei.it\/","logo":{"@type":"ImageObject","inLanguage":"en-GB","@id":"https:\/\/www.junsei.it\/#\/schema\/logo\/image\/","url":"https:\/\/www.junsei.it\/wp-content\/uploads\/2025\/01\/junsei-sughi_logo-long-black.png","contentUrl":"https:\/\/www.junsei.it\/wp-content\/uploads\/2025\/01\/junsei-sughi_logo-long-black.png","width":328,"height":154,"caption":"Junsei Sushi"},"image":{"@id":"https:\/\/www.junsei.it\/#\/schema\/logo\/image\/"},"sameAs":["https:\/\/www.facebook.com\/JunseiSushiRoma","https:\/\/www.instagram.com\/junseisushi\/?hl=it"]}]}},"_links":{"self":[{"href":"https:\/\/www.junsei.it\/en\/wp-json\/wp\/v2\/pages\/3979","targetHints":{"allow":["GET"]}}],"collection":[{"href":"https:\/\/www.junsei.it\/en\/wp-json\/wp\/v2\/pages"}],"about":[{"href":"https:\/\/www.junsei.it\/en\/wp-json\/wp\/v2\/types\/page"}],"author":[{"embeddable":true,"href":"https:\/\/www.junsei.it\/en\/wp-json\/wp\/v2\/users\/1"}],"replies":[{"embeddable":true,"href":"https:\/\/www.junsei.it\/en\/wp-json\/wp\/v2\/comments?post=3979"}],"version-history":[{"count":56,"href":"https:\/\/www.junsei.it\/en\/wp-json\/wp\/v2\/pages\/3979\/revisions"}],"predecessor-version":[{"id":4121,"href":"https:\/\/www.junsei.it\/en\/wp-json\/wp\/v2\/pages\/3979\/revisions\/4121"}],"wp:attachment":[{"href":"https:\/\/www.junsei.it\/en\/wp-json\/wp\/v2\/media?parent=3979"}],"curies":[{"name":"wp","href":"https:\/\/api.w.org\/{rel}","templated":true}]}}